{"id":228,"date":"2023-12-30T18:53:16","date_gmt":"2023-12-30T17:53:16","guid":{"rendered":"https:\/\/littleworldslearningcenter.ca\/?page_id=228"},"modified":"2024-10-20T14:10:23","modified_gmt":"2024-10-20T18:10:23","slug":"preescolar","status":"publish","type":"page","link":"https:\/\/littleworldslearningcenter.ca\/en\/preescolar\/","title":{"rendered":"Preschool"},"content":{"rendered":"<div data-elementor-type=\"wp-page\" data-elementor-id=\"228\" class=\"elementor elementor-228\" data-elementor-post-type=\"page\">\n\t\t\t\t<div data-particle_enable=\"false\" data-particle-mobile-disabled=\"false\" class=\"elementor-element elementor-element-f1e9484 e-flex e-con-boxed e-con e-parent\" data-id=\"f1e9484\" data-element_type=\"container\" data-settings=\"{&quot;background_background&quot;:&quot;classic&quot;}\">\n\t\t\t\t\t<div class=\"e-con-inner\">\n\t\t<div data-particle_enable=\"false\" data-particle-mobile-disabled=\"false\" class=\"elementor-element elementor-element-17bc71e e-flex e-con-boxed e-con e-child\" data-id=\"17bc71e\" data-element_type=\"container\">\n\t\t\t\t\t<div class=\"e-con-inner\">\n\t\t\t\t<div class=\"elementor-element elementor-element-b4b1faa elementor-widget elementor-widget-heading\" data-id=\"b4b1faa\" data-element_type=\"widget\" data-widget_type=\"heading.default\">\n\t\t\t\t<div class=\"elementor-widget-container\">\n\t\t\t\t\t<h1 class=\"elementor-heading-title elementor-size-default\">Preschool<\/h1>\t\t\t\t<\/div>\n\t\t\t\t<\/div>\n\t\t\t\t<div class=\"elementor-element elementor-element-8604284 elementor-widget elementor-widget-text-editor\" data-id=\"8604284\" data-element_type=\"widget\" data-widget_type=\"text-editor.default\">\n\t\t\t\t<div class=\"elementor-widget-container\">\n\t\t\t\t\t\t\t\t\t<p>The independence is growing daily for your little ones from infancy to preschool! They are beginning to understand their emotions, their likes and dislikes, and even start to think about the outcome of their decisions: what a huge milestone!<\/p>\t\t\t\t\t\t\t\t<\/div>\n\t\t\t\t<\/div>\n\t\t\t\t<div class=\"elementor-element elementor-element-a9b8a93 elementor-widget elementor-widget-heading\" data-id=\"a9b8a93\" data-element_type=\"widget\" data-widget_type=\"heading.default\">\n\t\t\t\t<div class=\"elementor-widget-container\">\n\t\t\t\t\t<h3 class=\"elementor-heading-title elementor-size-default\">3 - 4 Years<\/h3>\t\t\t\t<\/div>\n\t\t\t\t<\/div>\n\t\t\t\t<div class=\"elementor-element elementor-element-fa7f71a elementor-mobile-align-center elementor-widget elementor-widget-button\" data-id=\"fa7f71a\" data-element_type=\"widget\" data-widget_type=\"button.default\">\n\t\t\t\t<div class=\"elementor-widget-container\">\n\t\t\t\t\t\t\t\t\t<div class=\"elementor-button-wrapper\">\n\t\t\t\t\t<a class=\"elementor-button elementor-button-link elementor-size-sm\" href=\"#elementor-action%3Aaction%3Dpopup%3Aopen%26settings%3DeyJpZCI6IjEwMTkiLCJ0b2dnbGUiOmZhbHNlfQ%3D%3D\">\n\t\t\t\t\t\t<span class=\"elementor-button-content-wrapper\">\n\t\t\t\t\t\t\t\t\t<span class=\"elementor-button-text\">Book a visit<\/span>\n\t\t\t\t\t<\/span>\n\t\t\t\t\t<\/a>\n\t\t\t\t<\/div>\n\t\t\t\t\t\t\t\t<\/div>\n\t\t\t\t<\/div>\n\t\t\t\t\t<\/div>\n\t\t\t\t<\/div>\n\t\t<div data-particle_enable=\"false\" data-particle-mobile-disabled=\"false\" class=\"elementor-element elementor-element-36cbcac e-flex e-con-boxed e-con e-child\" data-id=\"36cbcac\" data-element_type=\"container\">\n\t\t\t\t\t<div class=\"e-con-inner\">\n\t\t\t\t<div class=\"elementor-element elementor-element-67ea755 elementor-widget elementor-widget-image\" data-id=\"67ea755\" data-element_type=\"widget\" data-widget_type=\"image.default\">\n\t\t\t\t<div class=\"elementor-widget-container\">\n\t\t\t\t\t\t\t\t\t\t\t\t\t\t\t<img fetchpriority=\"high\" decoding=\"async\" width=\"770\" height=\"880\" src=\"https:\/\/littleworldslearningcenter.ca\/wp-content\/uploads\/2023\/12\/Grupo-119@2x.png\" class=\"attachment-full size-full wp-image-182\" alt=\"\" srcset=\"https:\/\/littleworldslearningcenter.ca\/wp-content\/uploads\/2023\/12\/Grupo-119@2x.png 770w, https:\/\/littleworldslearningcenter.ca\/wp-content\/uploads\/2023\/12\/Grupo-119@2x-263x300.png 263w, https:\/\/littleworldslearningcenter.ca\/wp-content\/uploads\/2023\/12\/Grupo-119@2x-768x878.png 768w\" sizes=\"(max-width: 770px) 100vw, 770px\" \/>\t\t\t\t\t\t\t\t\t\t\t\t\t\t\t<\/div>\n\t\t\t\t<\/div>\n\t\t\t\t\t<\/div>\n\t\t\t\t<\/div>\n\t\t\t\t\t<\/div>\n\t\t\t\t<\/div>\n\t\t<div data-particle_enable=\"false\" data-particle-mobile-disabled=\"false\" class=\"elementor-element elementor-element-5af895e e-flex e-con-boxed e-con e-parent\" data-id=\"5af895e\" data-element_type=\"container\">\n\t\t\t\t\t<div class=\"e-con-inner\">\n\t\t\t\t<div class=\"elementor-element elementor-element-f430ecc elementor-widget elementor-widget-heading\" data-id=\"f430ecc\" data-element_type=\"widget\" data-widget_type=\"heading.default\">\n\t\t\t\t<div class=\"elementor-widget-container\">\n\t\t\t\t\t<h2 class=\"elementor-heading-title elementor-size-default\">Development goals<\/h2>\t\t\t\t<\/div>\n\t\t\t\t<\/div>\n\t\t\t\t<div class=\"elementor-element elementor-element-12f96b7 elementor-widget elementor-widget-text-editor\" data-id=\"12f96b7\" data-element_type=\"widget\" data-widget_type=\"text-editor.default\">\n\t\t\t\t<div class=\"elementor-widget-container\">\n\t\t\t\t\t\t\t\t\tWhen your child is in the preschool program, our primary goal is to provide the skill set necessary to thrive in kindergarten and the many years of schooling ahead of them. We will work on several aspects, such as:\t\t\t\t\t\t\t\t<\/div>\n\t\t\t\t<\/div>\n\t\t<div data-particle_enable=\"false\" data-particle-mobile-disabled=\"false\" class=\"elementor-element elementor-element-b1ba96a e-flex e-con-boxed e-con e-child\" data-id=\"b1ba96a\" data-element_type=\"container\">\n\t\t\t\t\t<div class=\"e-con-inner\">\n\t\t<div data-particle_enable=\"false\" data-particle-mobile-disabled=\"false\" class=\"elementor-element elementor-element-3c6d0f3 e-flex e-con-boxed e-con e-child\" data-id=\"3c6d0f3\" data-element_type=\"container\">\n\t\t\t\t\t<div class=\"e-con-inner\">\n\t\t\t\t<div class=\"elementor-element elementor-element-c3ea229 elementor-view-default elementor-widget elementor-widget-icon\" data-id=\"c3ea229\" data-element_type=\"widget\" data-widget_type=\"icon.default\">\n\t\t\t\t<div class=\"elementor-widget-container\">\n\t\t\t\t\t\t\t<div class=\"elementor-icon-wrapper\">\n\t\t\t<div class=\"elementor-icon\">\n\t\t\t<svg xmlns=\"http:\/\/www.w3.org\/2000\/svg\" width=\"62\" height=\"62.081\" viewbox=\"0 0 62 62.081\"><path id=\"oso-de-peluche\" d=\"M59.9,51.884l-2,2.671a18.911,18.911,0,0,1-15.057,7.527H19.161A18.916,18.916,0,0,1,4.1,54.557l-2-2.671A9.641,9.641,0,0,1,3,39.106a9.441,9.441,0,0,1,3.438-2.02L1.81,30.37A9.2,9.2,0,0,1,.1,23.525a9.343,9.343,0,0,1,13.117-7.189,15.753,15.753,0,0,1,1.434-4.125A7.441,7.441,0,0,1,25.618,2.181a4.811,4.811,0,0,1,.767.958,19.453,19.453,0,0,1,9.2-.008,6.054,6.054,0,0,1,.47-.6,7.441,7.441,0,0,1,11.3,9.684,15.713,15.713,0,0,1,1.436,4.146,9.335,9.335,0,0,1,11.337,14.1L55.551,37.1A9.394,9.394,0,0,1,59,39.113a9.636,9.636,0,0,1,.9,12.776ZM31,7.747c-7.121,0-12.915,5.215-12.915,11.624S23.877,30.995,31,30.995,43.914,25.78,43.914,19.371,38.12,7.747,31,7.747ZM20.39,56.916a20.581,20.581,0,0,0-3.322-8.044l-4.316-5.334A4.185,4.185,0,0,0,6.5,42.91a4.437,4.437,0,0,0-.266,5.879l2,2.668a13.724,13.724,0,0,0,10.924,5.458h1.23ZM40.9,44.99l4.427-4.823a8.847,8.847,0,0,1,3.795-2.859l6.806-9.87a4.233,4.233,0,0,0,.855-3.185A4.182,4.182,0,0,0,49.3,22.336l-.734,1.077-.015-.01C46.6,30.721,39.474,36.164,31,36.164S15.41,30.734,13.452,23.429l-.808-1.162a4.183,4.183,0,0,0-6.638,5.091l6.871,9.963a9.372,9.372,0,0,1,3.952,3.048L21.144,45.7a25.808,25.808,0,0,1,4.466,11.218H36.255c.571-7.754,3.722-11.1,4.649-11.926ZM55.5,42.91A4.246,4.246,0,0,0,52.262,41.8,4.143,4.143,0,0,0,49.3,43.463l-5.009,5.422s-2.32,2.11-2.854,8.031h1.4a13.719,13.719,0,0,0,10.924-5.461l2-2.671a4.432,4.432,0,0,0-.266-5.871ZM27.124,23.246c0-2.5,1.736-4.52,3.875-4.52s3.875,2.023,3.875,4.52Z\" transform=\"translate(0.001 -0.001)\" fill=\"#60b7e4\"><\/path><\/svg>\t\t\t<\/div>\n\t\t<\/div>\n\t\t\t\t\t\t<\/div>\n\t\t\t\t<\/div>\n\t\t\t\t<div class=\"elementor-element elementor-element-96f35cd elementor-widget elementor-widget-heading\" data-id=\"96f35cd\" data-element_type=\"widget\" data-widget_type=\"heading.default\">\n\t\t\t\t<div class=\"elementor-widget-container\">\n\t\t\t\t\t<h4 class=\"elementor-heading-title elementor-size-default\">Social<\/h4>\t\t\t\t<\/div>\n\t\t\t\t<\/div>\n\t\t\t\t<div class=\"elementor-element elementor-element-ae89f5f elementor-widget elementor-widget-text-editor\" data-id=\"ae89f5f\" data-element_type=\"widget\" data-widget_type=\"text-editor.default\">\n\t\t\t\t<div class=\"elementor-widget-container\">\n\t\t\t\t\t\t\t\t\tShare and take turns with your friends, and participate in imaginative play, group activities, and games.\t\t\t\t\t\t\t\t<\/div>\n\t\t\t\t<\/div>\n\t\t\t\t\t<\/div>\n\t\t\t\t<\/div>\n\t\t<div data-particle_enable=\"false\" data-particle-mobile-disabled=\"false\" class=\"elementor-element elementor-element-513ba8d e-flex e-con-boxed e-con e-child\" data-id=\"513ba8d\" data-element_type=\"container\">\n\t\t\t\t\t<div class=\"e-con-inner\">\n\t\t\t\t<div class=\"elementor-element elementor-element-61f3513 elementor-view-default elementor-widget elementor-widget-icon\" data-id=\"61f3513\" data-element_type=\"widget\" data-widget_type=\"icon.default\">\n\t\t\t\t<div class=\"elementor-widget-container\">\n\t\t\t\t\t\t\t<div class=\"elementor-icon-wrapper\">\n\t\t\t<div class=\"elementor-icon\">\n\t\t\t<svg xmlns=\"http:\/\/www.w3.org\/2000\/svg\" width=\"56.337\" height=\"62.081\" viewbox=\"0 0 56.337 62.081\"><path id=\"bebe\" d=\"M55.082,10.024a7.818,7.818,0,0,0-10.033-.717l-4.415,2.91c.01-.194.059-.38.059-.577a11.525,11.525,0,1,0-23.048,0c0,.2.049.383.059.577L13.376,9.367a7.841,7.841,0,0,0-10.118.657A7.811,7.811,0,0,0,4.3,21.892l12.067,8.032v5.66l-5.432,5.487a7.775,7.775,0,0,0-1.857,7.941l2.561,7.76A7.643,7.643,0,0,0,22.6,61.137a7.985,7.985,0,0,0,3.511-9.6l-.95-2.884L29.169,44.6l4.013,4.056-.95,2.884a7.986,7.986,0,0,0,3.516,9.6A7.643,7.643,0,0,0,46.7,56.773l2.563-7.763A7.777,7.777,0,0,0,47.4,41.071l-5.432-5.487v-5.66l12.146-8.089a7.814,7.814,0,0,0,.963-11.811ZM29.169,5.174a6.467,6.467,0,1,1-6.4,6.467A6.44,6.44,0,0,1,29.169,5.174ZM20.413,46.128a2.6,2.6,0,0,0-.617,2.646l1.452,4.4a2.889,2.889,0,0,1-1.091,3.409,2.6,2.6,0,0,1-3.665-1.451l-2.558-7.758a2.593,2.593,0,0,1,.617-2.649l5.37-5.425,4.827,2.439-4.338,4.382Zm23.371-1.4a2.592,2.592,0,0,1,.62,2.646l-2.561,7.76a2.61,2.61,0,0,1-3.659,1.454,2.891,2.891,0,0,1-1.1-3.412l1.452-4.4a2.606,2.606,0,0,0-.617-2.646l-4.338-4.382,4.827-2.439,5.37,5.425Zm7.439-27.159L38,26.37a2.594,2.594,0,0,0-1.152,2.16v5.1H21.486v-5.1a2.594,2.594,0,0,0-1.152-2.16L7.194,17.626a2.606,2.606,0,0,1-.3-3.955,2.8,2.8,0,0,1,3.6-.031L22.2,21.351a10.126,10.126,0,0,0,5.954,1.927h2.031a10.037,10.037,0,0,0,5.867-1.865l11.888-7.835a2.757,2.757,0,0,1,3.508.091h0a2.6,2.6,0,0,1,.758,2.064,2.55,2.55,0,0,1-.983,1.837Z\" transform=\"translate(-1)\" fill=\"#60b7e4\"><\/path><\/svg>\t\t\t<\/div>\n\t\t<\/div>\n\t\t\t\t\t\t<\/div>\n\t\t\t\t<\/div>\n\t\t\t\t<div class=\"elementor-element elementor-element-b178410 elementor-widget elementor-widget-heading\" data-id=\"b178410\" data-element_type=\"widget\" data-widget_type=\"heading.default\">\n\t\t\t\t<div class=\"elementor-widget-container\">\n\t\t\t\t\t<h4 class=\"elementor-heading-title elementor-size-default\">Physical<\/h4>\t\t\t\t<\/div>\n\t\t\t\t<\/div>\n\t\t\t\t<div class=\"elementor-element elementor-element-8907f6b elementor-widget elementor-widget-text-editor\" data-id=\"8907f6b\" data-element_type=\"widget\" data-widget_type=\"text-editor.default\">\n\t\t\t\t<div class=\"elementor-widget-container\">\n\t\t\t\t\t\t\t\t\tEating with utensils, throwing and kicking a ball, walking forward and backward, using art materials such as paint brushes and scissors, and daily tasks such as dressing and undressing.\t\t\t\t\t\t\t\t<\/div>\n\t\t\t\t<\/div>\n\t\t\t\t\t<\/div>\n\t\t\t\t<\/div>\n\t\t<div data-particle_enable=\"false\" data-particle-mobile-disabled=\"false\" class=\"elementor-element elementor-element-020c507 e-flex e-con-boxed e-con e-child\" data-id=\"020c507\" data-element_type=\"container\">\n\t\t\t\t\t<div class=\"e-con-inner\">\n\t\t\t\t<div class=\"elementor-element elementor-element-e281ccd elementor-view-default elementor-widget elementor-widget-icon\" data-id=\"e281ccd\" data-element_type=\"widget\" data-widget_type=\"icon.default\">\n\t\t\t\t<div class=\"elementor-widget-container\">\n\t\t\t\t\t\t\t<div class=\"elementor-icon-wrapper\">\n\t\t\t<div class=\"elementor-icon\">\n\t\t\t<svg xmlns=\"http:\/\/www.w3.org\/2000\/svg\" width=\"62\" height=\"62\" viewbox=\"0 0 62 62\"><path id=\"pieza-de-puzzle\" d=\"M46.5,62H26.962l.752-3.177a23.105,23.105,0,0,0,.7-4.573,5.167,5.167,0,0,0-10.333,0,23.105,23.105,0,0,0,.7,4.573L19.538,62H0V23.25A7.75,7.75,0,0,1,7.75,15.5h5.869a25.65,25.65,0,0,1-.7-5.167,10.333,10.333,0,1,1,20.667,0,25.65,25.65,0,0,1-.7,5.167H38.75a7.75,7.75,0,0,1,7.75,7.75v4.578a25.885,25.885,0,0,1,5.167-.7,10.333,10.333,0,0,1,0,20.667,25.885,25.885,0,0,1-5.167-.7ZM33.361,56.833h7.972V40.254l3.335,1.013a29,29,0,0,0,7,1.359,5.167,5.167,0,0,0,0-10.333,29,29,0,0,0-7,1.359l-3.335,1.013V23.25a2.583,2.583,0,0,0-2.583-2.583h-12.7l1.013-3.335a28.933,28.933,0,0,0,1.359-7,5.167,5.167,0,1,0-10.333,0,28.933,28.933,0,0,0,1.359,7l1.013,3.335H7.75A2.583,2.583,0,0,0,5.167,23.25V56.833h7.972a18.468,18.468,0,0,1-.222-2.583,10.333,10.333,0,1,1,20.667,0,18.469,18.469,0,0,1-.222,2.583Z\" transform=\"translate(0 0)\" fill=\"#60b7e4\"><\/path><\/svg>\t\t\t<\/div>\n\t\t<\/div>\n\t\t\t\t\t\t<\/div>\n\t\t\t\t<\/div>\n\t\t\t\t<div class=\"elementor-element elementor-element-5191776 elementor-widget elementor-widget-heading\" data-id=\"5191776\" data-element_type=\"widget\" data-widget_type=\"heading.default\">\n\t\t\t\t<div class=\"elementor-widget-container\">\n\t\t\t\t\t<h4 class=\"elementor-heading-title elementor-size-default\">Cognitive<\/h4>\t\t\t\t<\/div>\n\t\t\t\t<\/div>\n\t\t\t\t<div class=\"elementor-element elementor-element-61a973a elementor-widget elementor-widget-text-editor\" data-id=\"61a973a\" data-element_type=\"widget\" data-widget_type=\"text-editor.default\">\n\t\t\t\t<div class=\"elementor-widget-container\">\n\t\t\t\t\t\t\t\t\t<p>Question (ask \u201cwhy?\u201d), Use longer sentences, differentiate between the past, present, and the future, and imagine and describe extremely active and creative short stories.<\/p>\t\t\t\t\t\t\t\t<\/div>\n\t\t\t\t<\/div>\n\t\t\t\t\t<\/div>\n\t\t\t\t<\/div>\n\t\t\t\t\t<\/div>\n\t\t\t\t<\/div>\n\t\t\t\t\t<\/div>\n\t\t\t\t<\/div>\n\t\t<div data-particle_enable=\"false\" data-particle-mobile-disabled=\"false\" class=\"elementor-element elementor-element-f9bbbe7 e-flex e-con-boxed e-con e-parent\" data-id=\"f9bbbe7\" data-element_type=\"container\" data-settings=\"{&quot;background_background&quot;:&quot;classic&quot;}\">\n\t\t\t\t\t<div class=\"e-con-inner\">\n\t\t\t\t<div class=\"elementor-element elementor-element-9cce181 elementor-widget elementor-widget-heading\" data-id=\"9cce181\" data-element_type=\"widget\" data-widget_type=\"heading.default\">\n\t\t\t\t<div class=\"elementor-widget-container\">\n\t\t\t\t\t<h2 class=\"elementor-heading-title elementor-size-default\">Curious fact<\/h2>\t\t\t\t<\/div>\n\t\t\t\t<\/div>\n\t\t\t\t<div class=\"elementor-element elementor-element-58dfd12 elementor-widget elementor-widget-text-editor\" data-id=\"58dfd12\" data-element_type=\"widget\" data-widget_type=\"text-editor.default\">\n\t\t\t\t<div class=\"elementor-widget-container\">\n\t\t\t\t\t\t\t\t\t<p>\u201cThe brain of your child in preschool is developing rapidly. In fact, the<\/p><p>brain of a child of 3 years is two times more active than the brain of an adult \u201c.<\/p>\t\t\t\t\t\t\t\t<\/div>\n\t\t\t\t<\/div>\n\t\t\t\t\t<\/div>\n\t\t\t\t<\/div>\n\t\t<div data-particle_enable=\"false\" data-particle-mobile-disabled=\"false\" class=\"elementor-element elementor-element-3c0130f e-flex e-con-boxed e-con e-parent\" data-id=\"3c0130f\" data-element_type=\"container\">\n\t\t\t\t\t<div class=\"e-con-inner\">\n\t\t\t\t<div class=\"elementor-element elementor-element-3118e54 gallery-spacing-custom elementor-widget elementor-widget-image-gallery\" data-id=\"3118e54\" data-element_type=\"widget\" data-widget_type=\"image-gallery.default\">\n\t\t\t\t<div class=\"elementor-widget-container\">\n\t\t\t\t\t\t\t<div class=\"elementor-image-gallery\">\n\t\t\t<div id='gallery-1' class='gallery galleryid-228 gallery-columns-2 gallery-size-full'><figure class='gallery-item'>\n\t\t\t<div class='gallery-icon landscape'>\n\t\t\t\t<a data-elementor-open-lightbox=\"yes\" data-elementor-lightbox-slideshow=\"3118e54\" data-e-action-hash=\"#elementor-action%3Aaction%3Dlightbox%26settings%3DeyJpZCI6MjQyLCJ1cmwiOiJodHRwczpcL1wvbGl0dGxld29ybGRzbGVhcm5pbmdjZW50ZXIuY2FcL3dwLWNvbnRlbnRcL3VwbG9hZHNcLzIwMjNcLzEyXC9Fbm1hc2NhcmFyLWdydXBvLThAMngucG5nIiwic2xpZGVzaG93IjoiMzExOGU1NCJ9\" href='https:\/\/littleworldslearningcenter.ca\/wp-content\/uploads\/2023\/12\/Enmascarar-grupo-8@2x.png'><img decoding=\"async\" width=\"1020\" height=\"640\" src=\"https:\/\/littleworldslearningcenter.ca\/wp-content\/uploads\/2023\/12\/Enmascarar-grupo-8@2x.png\" class=\"attachment-full size-full\" alt=\"\" srcset=\"https:\/\/littleworldslearningcenter.ca\/wp-content\/uploads\/2023\/12\/Enmascarar-grupo-8@2x.png 1020w, https:\/\/littleworldslearningcenter.ca\/wp-content\/uploads\/2023\/12\/Enmascarar-grupo-8@2x-300x188.png 300w, https:\/\/littleworldslearningcenter.ca\/wp-content\/uploads\/2023\/12\/Enmascarar-grupo-8@2x-768x482.png 768w\" sizes=\"(max-width: 1020px) 100vw, 1020px\" \/><\/a>\n\t\t\t<\/div><\/figure><figure class='gallery-item'>\n\t\t\t<div class='gallery-icon landscape'>\n\t\t\t\t<a data-elementor-open-lightbox=\"yes\" data-elementor-lightbox-slideshow=\"3118e54\" data-e-action-hash=\"#elementor-action%3Aaction%3Dlightbox%26settings%3DeyJpZCI6MjQxLCJ1cmwiOiJodHRwczpcL1wvbGl0dGxld29ybGRzbGVhcm5pbmdjZW50ZXIuY2FcL3dwLWNvbnRlbnRcL3VwbG9hZHNcLzIwMjNcLzEyXC9Fbm1hc2NhcmFyLWdydXBvLTdAMngucG5nIiwic2xpZGVzaG93IjoiMzExOGU1NCJ9\" href='https:\/\/littleworldslearningcenter.ca\/wp-content\/uploads\/2023\/12\/Enmascarar-grupo-7@2x.png'><img decoding=\"async\" width=\"1020\" height=\"640\" src=\"https:\/\/littleworldslearningcenter.ca\/wp-content\/uploads\/2023\/12\/Enmascarar-grupo-7@2x.png\" class=\"attachment-full size-full\" alt=\"\" srcset=\"https:\/\/littleworldslearningcenter.ca\/wp-content\/uploads\/2023\/12\/Enmascarar-grupo-7@2x.png 1020w, https:\/\/littleworldslearningcenter.ca\/wp-content\/uploads\/2023\/12\/Enmascarar-grupo-7@2x-300x188.png 300w, https:\/\/littleworldslearningcenter.ca\/wp-content\/uploads\/2023\/12\/Enmascarar-grupo-7@2x-768x482.png 768w\" sizes=\"(max-width: 1020px) 100vw, 1020px\" \/><\/a>\n\t\t\t<\/div><\/figure>\n\t\t<\/div>\n\t\t<\/div>\n\t\t\t\t\t\t<\/div>\n\t\t\t\t<\/div>\n\t\t\t\t\t<\/div>\n\t\t\t\t<\/div>\n\t\t\t\t<\/div>","protected":false},"excerpt":{"rendered":"<p>Preescolar \u00a1La independencia est\u00e1 creciendo diariamente para nuestros peque\u00f1os preescolares! Est\u00e1n comenzando a comprender sus emociones, sus gustos y disgustos e incluso comienzan a pensar en el resultado final de sus decisiones: \u00a1qu\u00e9 grandes hitos! 3 &#8211; 4 a\u00f1os Reserva una visita Objetivos de desarrollo Durante el tiempo de su hijo en el programa preescolar, [&hellip;]<\/p>","protected":false},"author":1,"featured_media":224,"parent":0,"menu_order":0,"comment_status":"closed","ping_status":"closed","template":"elementor_theme","meta":{"nf_dc_page":"","footnotes":""},"class_list":["post-228","page","type-page","status-publish","has-post-thumbnail","hentry"],"_links":{"self":[{"href":"https:\/\/littleworldslearningcenter.ca\/en\/wp-json\/wp\/v2\/pages\/228","targetHints":{"allow":["GET"]}}],"collection":[{"href":"https:\/\/littleworldslearningcenter.ca\/en\/wp-json\/wp\/v2\/pages"}],"about":[{"href":"https:\/\/littleworldslearningcenter.ca\/en\/wp-json\/wp\/v2\/types\/page"}],"author":[{"embeddable":true,"href":"https:\/\/littleworldslearningcenter.ca\/en\/wp-json\/wp\/v2\/users\/1"}],"replies":[{"embeddable":true,"href":"https:\/\/littleworldslearningcenter.ca\/en\/wp-json\/wp\/v2\/comments?post=228"}],"version-history":[{"count":5,"href":"https:\/\/littleworldslearningcenter.ca\/en\/wp-json\/wp\/v2\/pages\/228\/revisions"}],"predecessor-version":[{"id":1314,"href":"https:\/\/littleworldslearningcenter.ca\/en\/wp-json\/wp\/v2\/pages\/228\/revisions\/1314"}],"wp:featuredmedia":[{"embeddable":true,"href":"https:\/\/littleworldslearningcenter.ca\/en\/wp-json\/wp\/v2\/media\/224"}],"wp:attachment":[{"href":"https:\/\/littleworldslearningcenter.ca\/en\/wp-json\/wp\/v2\/media?parent=228"}],"curies":[{"name":"wp","href":"https:\/\/api.w.org\/{rel}","templated":true}]}}