{"id":254,"date":"2023-12-30T19:11:18","date_gmt":"2023-12-30T18:11:18","guid":{"rendered":"https:\/\/littleworldslearningcenter.ca\/?page_id=254"},"modified":"2024-10-25T21:56:32","modified_gmt":"2024-10-26T01:56:32","slug":"programa-de-verano","status":"publish","type":"page","link":"https:\/\/littleworldslearningcenter.ca\/en\/programa-de-verano\/","title":{"rendered":"Summer program"},"content":{"rendered":"<div data-elementor-type=\"wp-page\" data-elementor-id=\"254\" class=\"elementor elementor-254\" data-elementor-post-type=\"page\">\n\t\t\t\t<div data-particle_enable=\"false\" data-particle-mobile-disabled=\"false\" class=\"elementor-element elementor-element-ac06b91 e-flex e-con-boxed e-con e-parent\" data-id=\"ac06b91\" data-element_type=\"container\" data-settings=\"{&quot;background_background&quot;:&quot;classic&quot;}\">\n\t\t\t\t\t<div class=\"e-con-inner\">\n\t\t<div data-particle_enable=\"false\" data-particle-mobile-disabled=\"false\" class=\"elementor-element elementor-element-cdffa0f e-flex e-con-boxed e-con e-child\" data-id=\"cdffa0f\" data-element_type=\"container\">\n\t\t\t\t\t<div class=\"e-con-inner\">\n\t\t\t\t<div class=\"elementor-element elementor-element-cb3beb5 elementor-widget elementor-widget-heading\" data-id=\"cb3beb5\" data-element_type=\"widget\" data-widget_type=\"heading.default\">\n\t\t\t\t<div class=\"elementor-widget-container\">\n\t\t\t\t\t<h1 class=\"elementor-heading-title elementor-size-default\">Pre-K<\/h1>\t\t\t\t<\/div>\n\t\t\t\t<\/div>\n\t\t\t\t<div class=\"elementor-element elementor-element-657facc elementor-widget elementor-widget-text-editor\" data-id=\"657facc\" data-element_type=\"widget\" data-widget_type=\"text-editor.default\">\n\t\t\t\t<div class=\"elementor-widget-container\">\n\t\t\t\t\t\t\t\t\tOur Kindergarten is designed to provide a nurturing and stimulating environment for young learners, focusing on holistic development  through play based and structured activities.   We aim to foster a love for learning while preparing children for future educational experiences.\t\t\t\t\t\t\t\t<\/div>\n\t\t\t\t<\/div>\n\t\t\t\t<div class=\"elementor-element elementor-element-4ea3321 elementor-mobile-align-center elementor-widget elementor-widget-button\" data-id=\"4ea3321\" data-element_type=\"widget\" data-widget_type=\"button.default\">\n\t\t\t\t<div class=\"elementor-widget-container\">\n\t\t\t\t\t\t\t\t\t<div class=\"elementor-button-wrapper\">\n\t\t\t\t\t<a class=\"elementor-button elementor-button-link elementor-size-sm\" href=\"#elementor-action%3Aaction%3Dpopup%3Aopen%26settings%3DeyJpZCI6IjEwMTkiLCJ0b2dnbGUiOmZhbHNlfQ%3D%3D\">\n\t\t\t\t\t\t<span class=\"elementor-button-content-wrapper\">\n\t\t\t\t\t\t\t\t\t<span class=\"elementor-button-text\">Book a visit<\/span>\n\t\t\t\t\t<\/span>\n\t\t\t\t\t<\/a>\n\t\t\t\t<\/div>\n\t\t\t\t\t\t\t\t<\/div>\n\t\t\t\t<\/div>\n\t\t\t\t\t<\/div>\n\t\t\t\t<\/div>\n\t\t<div data-particle_enable=\"false\" data-particle-mobile-disabled=\"false\" class=\"elementor-element elementor-element-65d4321 e-flex e-con-boxed e-con e-child\" data-id=\"65d4321\" data-element_type=\"container\">\n\t\t\t\t\t<div class=\"e-con-inner\">\n\t\t\t\t<div class=\"elementor-element elementor-element-38da302 elementor-widget elementor-widget-image\" data-id=\"38da302\" data-element_type=\"widget\" data-widget_type=\"image.default\">\n\t\t\t\t<div class=\"elementor-widget-container\">\n\t\t\t\t\t\t\t\t\t\t\t\t\t\t\t<img fetchpriority=\"high\" decoding=\"async\" width=\"770\" height=\"880\" src=\"https:\/\/littleworldslearningcenter.ca\/wp-content\/uploads\/2023\/12\/Grupo-119@2x.png\" class=\"attachment-full size-full wp-image-182\" alt=\"\" srcset=\"https:\/\/littleworldslearningcenter.ca\/wp-content\/uploads\/2023\/12\/Grupo-119@2x.png 770w, https:\/\/littleworldslearningcenter.ca\/wp-content\/uploads\/2023\/12\/Grupo-119@2x-263x300.png 263w, https:\/\/littleworldslearningcenter.ca\/wp-content\/uploads\/2023\/12\/Grupo-119@2x-768x878.png 768w\" sizes=\"(max-width: 770px) 100vw, 770px\" \/>\t\t\t\t\t\t\t\t\t\t\t\t\t\t\t<\/div>\n\t\t\t\t<\/div>\n\t\t\t\t\t<\/div>\n\t\t\t\t<\/div>\n\t\t\t\t\t<\/div>\n\t\t\t\t<\/div>\n\t\t<div data-particle_enable=\"false\" data-particle-mobile-disabled=\"false\" class=\"elementor-element elementor-element-bf1814f e-flex e-con-boxed e-con e-parent\" data-id=\"bf1814f\" data-element_type=\"container\">\n\t\t\t\t\t<div class=\"e-con-inner\">\n\t\t\t\t<div class=\"elementor-element elementor-element-153d62a elementor-widget elementor-widget-heading\" data-id=\"153d62a\" data-element_type=\"widget\" data-widget_type=\"heading.default\">\n\t\t\t\t<div class=\"elementor-widget-container\">\n\t\t\t\t\t<h2 class=\"elementor-heading-title elementor-size-default\">Development goals<\/h2>\t\t\t\t<\/div>\n\t\t\t\t<\/div>\n\t\t\t\t<div class=\"elementor-element elementor-element-19accd6 elementor-widget elementor-widget-text-editor\" data-id=\"19accd6\" data-element_type=\"widget\" data-widget_type=\"text-editor.default\">\n\t\t\t\t<div class=\"elementor-widget-container\">\n\t\t\t\t\t\t\t\t\tResearchers have linked an excessive amount of free time during the summer with low scores on testing and a gap in a student's academic knowledge. This phenomenon is known typically as the slide of summer.\t\t\t\t\t\t\t\t<\/div>\n\t\t\t\t<\/div>\n\t\t<div data-particle_enable=\"false\" data-particle-mobile-disabled=\"false\" class=\"elementor-element elementor-element-ec4557c e-flex e-con-boxed e-con e-child\" data-id=\"ec4557c\" data-element_type=\"container\">\n\t\t\t\t\t<div class=\"e-con-inner\">\n\t\t<div data-particle_enable=\"false\" data-particle-mobile-disabled=\"false\" class=\"elementor-element elementor-element-a1bcc0a e-flex e-con-boxed e-con e-child\" data-id=\"a1bcc0a\" data-element_type=\"container\">\n\t\t\t\t\t<div class=\"e-con-inner\">\n\t\t\t\t<div class=\"elementor-element elementor-element-6dd0584 elementor-view-default elementor-widget elementor-widget-icon\" data-id=\"6dd0584\" data-element_type=\"widget\" data-widget_type=\"icon.default\">\n\t\t\t\t<div class=\"elementor-widget-container\">\n\t\t\t\t\t\t\t<div class=\"elementor-icon-wrapper\">\n\t\t\t<div class=\"elementor-icon\">\n\t\t\t<svg xmlns=\"http:\/\/www.w3.org\/2000\/svg\" width=\"62\" height=\"62.081\" viewbox=\"0 0 62 62.081\"><path id=\"oso-de-peluche\" d=\"M59.9,51.884l-2,2.671a18.911,18.911,0,0,1-15.057,7.527H19.161A18.916,18.916,0,0,1,4.1,54.557l-2-2.671A9.641,9.641,0,0,1,3,39.106a9.441,9.441,0,0,1,3.438-2.02L1.81,30.37A9.2,9.2,0,0,1,.1,23.525a9.343,9.343,0,0,1,13.117-7.189,15.753,15.753,0,0,1,1.434-4.125A7.441,7.441,0,0,1,25.618,2.181a4.811,4.811,0,0,1,.767.958,19.453,19.453,0,0,1,9.2-.008,6.054,6.054,0,0,1,.47-.6,7.441,7.441,0,0,1,11.3,9.684,15.713,15.713,0,0,1,1.436,4.146,9.335,9.335,0,0,1,11.337,14.1L55.551,37.1A9.394,9.394,0,0,1,59,39.113a9.636,9.636,0,0,1,.9,12.776ZM31,7.747c-7.121,0-12.915,5.215-12.915,11.624S23.877,30.995,31,30.995,43.914,25.78,43.914,19.371,38.12,7.747,31,7.747ZM20.39,56.916a20.581,20.581,0,0,0-3.322-8.044l-4.316-5.334A4.185,4.185,0,0,0,6.5,42.91a4.437,4.437,0,0,0-.266,5.879l2,2.668a13.724,13.724,0,0,0,10.924,5.458h1.23ZM40.9,44.99l4.427-4.823a8.847,8.847,0,0,1,3.795-2.859l6.806-9.87a4.233,4.233,0,0,0,.855-3.185A4.182,4.182,0,0,0,49.3,22.336l-.734,1.077-.015-.01C46.6,30.721,39.474,36.164,31,36.164S15.41,30.734,13.452,23.429l-.808-1.162a4.183,4.183,0,0,0-6.638,5.091l6.871,9.963a9.372,9.372,0,0,1,3.952,3.048L21.144,45.7a25.808,25.808,0,0,1,4.466,11.218H36.255c.571-7.754,3.722-11.1,4.649-11.926ZM55.5,42.91A4.246,4.246,0,0,0,52.262,41.8,4.143,4.143,0,0,0,49.3,43.463l-5.009,5.422s-2.32,2.11-2.854,8.031h1.4a13.719,13.719,0,0,0,10.924-5.461l2-2.671a4.432,4.432,0,0,0-.266-5.871ZM27.124,23.246c0-2.5,1.736-4.52,3.875-4.52s3.875,2.023,3.875,4.52Z\" transform=\"translate(0.001 -0.001)\" fill=\"#60b7e4\"><\/path><\/svg>\t\t\t<\/div>\n\t\t<\/div>\n\t\t\t\t\t\t<\/div>\n\t\t\t\t<\/div>\n\t\t\t\t<div class=\"elementor-element elementor-element-0ac70d8 elementor-widget elementor-widget-heading\" data-id=\"0ac70d8\" data-element_type=\"widget\" data-widget_type=\"heading.default\">\n\t\t\t\t<div class=\"elementor-widget-container\">\n\t\t\t\t\t<h4 class=\"elementor-heading-title elementor-size-default\">Social<\/h4>\t\t\t\t<\/div>\n\t\t\t\t<\/div>\n\t\t\t\t<div class=\"elementor-element elementor-element-47ba8c4 elementor-widget elementor-widget-text-editor\" data-id=\"47ba8c4\" data-element_type=\"widget\" data-widget_type=\"text-editor.default\">\n\t\t\t\t<div class=\"elementor-widget-container\">\n\t\t\t\t\t\t\t\t\tEncourage children to recognize and understand the feelings of others as well as their own. We will support the children in how to use coping strategies when they get upset and how to resolve conflicts with their peers. The children will learn about personal space as well to  learn to appreciate and respect diversity in backgrounds, cultures and abilities.\t\t\t\t\t\t\t\t<\/div>\n\t\t\t\t<\/div>\n\t\t\t\t\t<\/div>\n\t\t\t\t<\/div>\n\t\t<div data-particle_enable=\"false\" data-particle-mobile-disabled=\"false\" class=\"elementor-element elementor-element-f828b76 e-flex e-con-boxed e-con e-child\" data-id=\"f828b76\" data-element_type=\"container\">\n\t\t\t\t\t<div class=\"e-con-inner\">\n\t\t\t\t<div class=\"elementor-element elementor-element-3809ff0 elementor-view-default elementor-widget elementor-widget-icon\" data-id=\"3809ff0\" data-element_type=\"widget\" data-widget_type=\"icon.default\">\n\t\t\t\t<div class=\"elementor-widget-container\">\n\t\t\t\t\t\t\t<div class=\"elementor-icon-wrapper\">\n\t\t\t<div class=\"elementor-icon\">\n\t\t\t<svg xmlns=\"http:\/\/www.w3.org\/2000\/svg\" width=\"56.337\" height=\"62.081\" viewbox=\"0 0 56.337 62.081\"><path id=\"bebe\" d=\"M55.082,10.024a7.818,7.818,0,0,0-10.033-.717l-4.415,2.91c.01-.194.059-.38.059-.577a11.525,11.525,0,1,0-23.048,0c0,.2.049.383.059.577L13.376,9.367a7.841,7.841,0,0,0-10.118.657A7.811,7.811,0,0,0,4.3,21.892l12.067,8.032v5.66l-5.432,5.487a7.775,7.775,0,0,0-1.857,7.941l2.561,7.76A7.643,7.643,0,0,0,22.6,61.137a7.985,7.985,0,0,0,3.511-9.6l-.95-2.884L29.169,44.6l4.013,4.056-.95,2.884a7.986,7.986,0,0,0,3.516,9.6A7.643,7.643,0,0,0,46.7,56.773l2.563-7.763A7.777,7.777,0,0,0,47.4,41.071l-5.432-5.487v-5.66l12.146-8.089a7.814,7.814,0,0,0,.963-11.811ZM29.169,5.174a6.467,6.467,0,1,1-6.4,6.467A6.44,6.44,0,0,1,29.169,5.174ZM20.413,46.128a2.6,2.6,0,0,0-.617,2.646l1.452,4.4a2.889,2.889,0,0,1-1.091,3.409,2.6,2.6,0,0,1-3.665-1.451l-2.558-7.758a2.593,2.593,0,0,1,.617-2.649l5.37-5.425,4.827,2.439-4.338,4.382Zm23.371-1.4a2.592,2.592,0,0,1,.62,2.646l-2.561,7.76a2.61,2.61,0,0,1-3.659,1.454,2.891,2.891,0,0,1-1.1-3.412l1.452-4.4a2.606,2.606,0,0,0-.617-2.646l-4.338-4.382,4.827-2.439,5.37,5.425Zm7.439-27.159L38,26.37a2.594,2.594,0,0,0-1.152,2.16v5.1H21.486v-5.1a2.594,2.594,0,0,0-1.152-2.16L7.194,17.626a2.606,2.606,0,0,1-.3-3.955,2.8,2.8,0,0,1,3.6-.031L22.2,21.351a10.126,10.126,0,0,0,5.954,1.927h2.031a10.037,10.037,0,0,0,5.867-1.865l11.888-7.835a2.757,2.757,0,0,1,3.508.091h0a2.6,2.6,0,0,1,.758,2.064,2.55,2.55,0,0,1-.983,1.837Z\" transform=\"translate(-1)\" fill=\"#60b7e4\"><\/path><\/svg>\t\t\t<\/div>\n\t\t<\/div>\n\t\t\t\t\t\t<\/div>\n\t\t\t\t<\/div>\n\t\t\t\t<div class=\"elementor-element elementor-element-810f828 elementor-widget elementor-widget-heading\" data-id=\"810f828\" data-element_type=\"widget\" data-widget_type=\"heading.default\">\n\t\t\t\t<div class=\"elementor-widget-container\">\n\t\t\t\t\t<h4 class=\"elementor-heading-title elementor-size-default\">Physical<\/h4>\t\t\t\t<\/div>\n\t\t\t\t<\/div>\n\t\t\t\t<div class=\"elementor-element elementor-element-5449abd elementor-widget elementor-widget-text-editor\" data-id=\"5449abd\" data-element_type=\"widget\" data-widget_type=\"text-editor.default\">\n\t\t\t\t<div class=\"elementor-widget-container\">\n\t\t\t\t\t\t\t\t\t<p>Through activities like lacing, cutting, manipulating small objects and other fun activities the children will increase the development of  their fine motor skills. Through activities like running, climbing, catching different size balls, obstacles courses and sports games the children will increase their gross motor development skills.<\/p>\t\t\t\t\t\t\t\t<\/div>\n\t\t\t\t<\/div>\n\t\t\t\t\t<\/div>\n\t\t\t\t<\/div>\n\t\t<div data-particle_enable=\"false\" data-particle-mobile-disabled=\"false\" class=\"elementor-element elementor-element-4754ed2 e-flex e-con-boxed e-con e-child\" data-id=\"4754ed2\" data-element_type=\"container\">\n\t\t\t\t\t<div class=\"e-con-inner\">\n\t\t\t\t<div class=\"elementor-element elementor-element-579a6e8 elementor-view-default elementor-widget elementor-widget-icon\" data-id=\"579a6e8\" data-element_type=\"widget\" data-widget_type=\"icon.default\">\n\t\t\t\t<div class=\"elementor-widget-container\">\n\t\t\t\t\t\t\t<div class=\"elementor-icon-wrapper\">\n\t\t\t<div class=\"elementor-icon\">\n\t\t\t<svg xmlns=\"http:\/\/www.w3.org\/2000\/svg\" width=\"62\" height=\"62\" viewbox=\"0 0 62 62\"><path id=\"pieza-de-puzzle\" d=\"M46.5,62H26.962l.752-3.177a23.105,23.105,0,0,0,.7-4.573,5.167,5.167,0,0,0-10.333,0,23.105,23.105,0,0,0,.7,4.573L19.538,62H0V23.25A7.75,7.75,0,0,1,7.75,15.5h5.869a25.65,25.65,0,0,1-.7-5.167,10.333,10.333,0,1,1,20.667,0,25.65,25.65,0,0,1-.7,5.167H38.75a7.75,7.75,0,0,1,7.75,7.75v4.578a25.885,25.885,0,0,1,5.167-.7,10.333,10.333,0,0,1,0,20.667,25.885,25.885,0,0,1-5.167-.7ZM33.361,56.833h7.972V40.254l3.335,1.013a29,29,0,0,0,7,1.359,5.167,5.167,0,0,0,0-10.333,29,29,0,0,0-7,1.359l-3.335,1.013V23.25a2.583,2.583,0,0,0-2.583-2.583h-12.7l1.013-3.335a28.933,28.933,0,0,0,1.359-7,5.167,5.167,0,1,0-10.333,0,28.933,28.933,0,0,0,1.359,7l1.013,3.335H7.75A2.583,2.583,0,0,0,5.167,23.25V56.833h7.972a18.468,18.468,0,0,1-.222-2.583,10.333,10.333,0,1,1,20.667,0,18.469,18.469,0,0,1-.222,2.583Z\" transform=\"translate(0 0)\" fill=\"#60b7e4\"><\/path><\/svg>\t\t\t<\/div>\n\t\t<\/div>\n\t\t\t\t\t\t<\/div>\n\t\t\t\t<\/div>\n\t\t\t\t<div class=\"elementor-element elementor-element-779e3ec elementor-widget elementor-widget-heading\" data-id=\"779e3ec\" data-element_type=\"widget\" data-widget_type=\"heading.default\">\n\t\t\t\t<div class=\"elementor-widget-container\">\n\t\t\t\t\t<h4 class=\"elementor-heading-title elementor-size-default\">Cognitive<\/h4>\t\t\t\t<\/div>\n\t\t\t\t<\/div>\n\t\t\t\t<div class=\"elementor-element elementor-element-913c856 elementor-widget elementor-widget-text-editor\" data-id=\"913c856\" data-element_type=\"widget\" data-widget_type=\"text-editor.default\">\n\t\t\t\t<div class=\"elementor-widget-container\">\n\t\t\t\t\t\t\t\t\tChildren will continue to develop the understanding of numbers, letters and letter sounds through an assortment of activities. Children will increase their problem solving skills by engaging in activities that promote and encourage critical thinking.  The children will increase their  listening skills through group discussions, books and will demonstrate an understanding of answering questions related to the theme or topic the children are learning about.\t\t\t\t\t\t\t\t<\/div>\n\t\t\t\t<\/div>\n\t\t\t\t\t<\/div>\n\t\t\t\t<\/div>\n\t\t\t\t\t<\/div>\n\t\t\t\t<\/div>\n\t\t\t\t\t<\/div>\n\t\t\t\t<\/div>\n\t\t<div data-particle_enable=\"false\" data-particle-mobile-disabled=\"false\" class=\"elementor-element elementor-element-543c626 e-flex e-con-boxed e-con e-parent\" data-id=\"543c626\" data-element_type=\"container\">\n\t\t\t\t\t<div class=\"e-con-inner\">\n\t\t\t\t<div class=\"elementor-element elementor-element-cee97cd elementor-widget elementor-widget-heading\" data-id=\"cee97cd\" data-element_type=\"widget\" data-widget_type=\"heading.default\">\n\t\t\t\t<div class=\"elementor-widget-container\">\n\t\t\t\t\t<h2 class=\"elementor-heading-title elementor-size-default\">What happens during Pre-K?<\/h2>\t\t\t\t<\/div>\n\t\t\t\t<\/div>\n\t\t\t\t<div class=\"elementor-element elementor-element-fa1e1ec elementor-widget elementor-widget-text-editor\" data-id=\"fa1e1ec\" data-element_type=\"widget\" data-widget_type=\"text-editor.default\">\n\t\t\t\t<div class=\"elementor-widget-container\">\n\t\t\t\t\t\t\t\t\tChildren forget the fundamental concepts learned from the previous school year. According to research, children lose an average of 2.6 years of computing skills in math during the summer. The studies also show comparable decreases in reading and writing skills. Nutrition is in the way because children consume three ounces more of sugar-sweetened beverages per day. Younger students also watch an average of twenty more minutes of TV during the summer than during the school year while maintaining the same workout schedule. These are factors that lead to weight gain.\t\t\t\t\t\t\t\t<\/div>\n\t\t\t\t<\/div>\n\t\t\t\t\t<\/div>\n\t\t\t\t<\/div>\n\t\t<div data-particle_enable=\"false\" data-particle-mobile-disabled=\"false\" class=\"elementor-element elementor-element-ed3bfc0 e-flex e-con-boxed e-con e-parent\" data-id=\"ed3bfc0\" data-element_type=\"container\">\n\t\t\t\t\t<div class=\"e-con-inner\">\n\t\t\t\t<div class=\"elementor-element elementor-element-c8628d8 gallery-spacing-custom elementor-widget elementor-widget-image-gallery\" data-id=\"c8628d8\" data-element_type=\"widget\" data-widget_type=\"image-gallery.default\">\n\t\t\t\t<div class=\"elementor-widget-container\">\n\t\t\t\t\t\t\t<div class=\"elementor-image-gallery\">\n\t\t\t<div id='gallery-1' class='gallery galleryid-254 gallery-columns-2 gallery-size-full'><figure class='gallery-item'>\n\t\t\t<div class='gallery-icon landscape'>\n\t\t\t\t<a data-elementor-open-lightbox=\"yes\" data-elementor-lightbox-slideshow=\"c8628d8\" data-e-action-hash=\"#elementor-action%3Aaction%3Dlightbox%26settings%3DeyJpZCI6MjQyLCJ1cmwiOiJodHRwczpcL1wvbGl0dGxld29ybGRzbGVhcm5pbmdjZW50ZXIuY2FcL3dwLWNvbnRlbnRcL3VwbG9hZHNcLzIwMjNcLzEyXC9Fbm1hc2NhcmFyLWdydXBvLThAMngucG5nIiwic2xpZGVzaG93IjoiYzg2MjhkOCJ9\" href='https:\/\/littleworldslearningcenter.ca\/wp-content\/uploads\/2023\/12\/Enmascarar-grupo-8@2x.png'><img decoding=\"async\" width=\"1020\" height=\"640\" src=\"https:\/\/littleworldslearningcenter.ca\/wp-content\/uploads\/2023\/12\/Enmascarar-grupo-8@2x.png\" class=\"attachment-full size-full\" alt=\"\" srcset=\"https:\/\/littleworldslearningcenter.ca\/wp-content\/uploads\/2023\/12\/Enmascarar-grupo-8@2x.png 1020w, https:\/\/littleworldslearningcenter.ca\/wp-content\/uploads\/2023\/12\/Enmascarar-grupo-8@2x-300x188.png 300w, https:\/\/littleworldslearningcenter.ca\/wp-content\/uploads\/2023\/12\/Enmascarar-grupo-8@2x-768x482.png 768w\" sizes=\"(max-width: 1020px) 100vw, 1020px\" \/><\/a>\n\t\t\t<\/div><\/figure><figure class='gallery-item'>\n\t\t\t<div class='gallery-icon landscape'>\n\t\t\t\t<a data-elementor-open-lightbox=\"yes\" data-elementor-lightbox-slideshow=\"c8628d8\" data-e-action-hash=\"#elementor-action%3Aaction%3Dlightbox%26settings%3DeyJpZCI6MjQxLCJ1cmwiOiJodHRwczpcL1wvbGl0dGxld29ybGRzbGVhcm5pbmdjZW50ZXIuY2FcL3dwLWNvbnRlbnRcL3VwbG9hZHNcLzIwMjNcLzEyXC9Fbm1hc2NhcmFyLWdydXBvLTdAMngucG5nIiwic2xpZGVzaG93IjoiYzg2MjhkOCJ9\" href='https:\/\/littleworldslearningcenter.ca\/wp-content\/uploads\/2023\/12\/Enmascarar-grupo-7@2x.png'><img decoding=\"async\" width=\"1020\" height=\"640\" src=\"https:\/\/littleworldslearningcenter.ca\/wp-content\/uploads\/2023\/12\/Enmascarar-grupo-7@2x.png\" class=\"attachment-full size-full\" alt=\"\" srcset=\"https:\/\/littleworldslearningcenter.ca\/wp-content\/uploads\/2023\/12\/Enmascarar-grupo-7@2x.png 1020w, https:\/\/littleworldslearningcenter.ca\/wp-content\/uploads\/2023\/12\/Enmascarar-grupo-7@2x-300x188.png 300w, https:\/\/littleworldslearningcenter.ca\/wp-content\/uploads\/2023\/12\/Enmascarar-grupo-7@2x-768x482.png 768w\" sizes=\"(max-width: 1020px) 100vw, 1020px\" \/><\/a>\n\t\t\t<\/div><\/figure>\n\t\t<\/div>\n\t\t<\/div>\n\t\t\t\t\t\t<\/div>\n\t\t\t\t<\/div>\n\t\t\t\t\t<\/div>\n\t\t\t\t<\/div>\n\t\t\t\t<\/div>","protected":false},"excerpt":{"rendered":"<p>Pre-K Nuestro jard\u00edn infantil est\u00e1 dise\u00f1ado para brindar un ambiente acogedor y estimulante para los peque\u00f1os, enfoc\u00e1ndonos en el desarrollo integral a trav\u00e9s de actividades basadas en el juego y actividades estructuradas. Nuestro objetivo es fomentar el amor por el aprendizaje mientras preparamos a los ni\u00f1os para sus futuras experiencias educativas. Reserva una visita Objetivos [&hellip;]<\/p>","protected":false},"author":1,"featured_media":405,"parent":0,"menu_order":0,"comment_status":"closed","ping_status":"closed","template":"elementor_theme","meta":{"nf_dc_page":"","footnotes":""},"class_list":["post-254","page","type-page","status-publish","has-post-thumbnail","hentry"],"_links":{"self":[{"href":"https:\/\/littleworldslearningcenter.ca\/en\/wp-json\/wp\/v2\/pages\/254","targetHints":{"allow":["GET"]}}],"collection":[{"href":"https:\/\/littleworldslearningcenter.ca\/en\/wp-json\/wp\/v2\/pages"}],"about":[{"href":"https:\/\/littleworldslearningcenter.ca\/en\/wp-json\/wp\/v2\/types\/page"}],"author":[{"embeddable":true,"href":"https:\/\/littleworldslearningcenter.ca\/en\/wp-json\/wp\/v2\/users\/1"}],"replies":[{"embeddable":true,"href":"https:\/\/littleworldslearningcenter.ca\/en\/wp-json\/wp\/v2\/comments?post=254"}],"version-history":[{"count":5,"href":"https:\/\/littleworldslearningcenter.ca\/en\/wp-json\/wp\/v2\/pages\/254\/revisions"}],"predecessor-version":[{"id":1323,"href":"https:\/\/littleworldslearningcenter.ca\/en\/wp-json\/wp\/v2\/pages\/254\/revisions\/1323"}],"wp:featuredmedia":[{"embeddable":true,"href":"https:\/\/littleworldslearningcenter.ca\/en\/wp-json\/wp\/v2\/media\/405"}],"wp:attachment":[{"href":"https:\/\/littleworldslearningcenter.ca\/en\/wp-json\/wp\/v2\/media?parent=254"}],"curies":[{"name":"wp","href":"https:\/\/api.w.org\/{rel}","templated":true}]}}