{"id":598,"date":"2023-12-31T02:24:43","date_gmt":"2023-12-31T01:24:43","guid":{"rendered":"https:\/\/littleworldslearningcenter.ca\/?page_id=598"},"modified":"2024-01-17T21:20:56","modified_gmt":"2024-01-18T02:20:56","slug":"preguntas-frecuentes","status":"publish","type":"page","link":"https:\/\/littleworldslearningcenter.ca\/en\/preguntas-frecuentes\/","title":{"rendered":"Frequently asked questions"},"content":{"rendered":"<div data-elementor-type=\"wp-page\" data-elementor-id=\"598\" class=\"elementor elementor-598\" data-elementor-post-type=\"page\">\n\t\t\t\t<div data-particle_enable=\"false\" data-particle-mobile-disabled=\"false\" class=\"elementor-element elementor-element-01dc284 e-flex e-con-boxed e-con e-parent\" data-id=\"01dc284\" data-element_type=\"container\" data-settings=\"{&quot;background_background&quot;:&quot;classic&quot;}\">\n\t\t\t\t\t<div class=\"e-con-inner\">\n\t\t<div data-particle_enable=\"false\" data-particle-mobile-disabled=\"false\" class=\"elementor-element elementor-element-8a88fd5 e-flex e-con-boxed e-con e-child\" data-id=\"8a88fd5\" data-element_type=\"container\">\n\t\t\t\t\t<div class=\"e-con-inner\">\n\t\t\t\t<div class=\"elementor-element elementor-element-4d95318 elementor-widget elementor-widget-heading\" data-id=\"4d95318\" data-element_type=\"widget\" data-widget_type=\"heading.default\">\n\t\t\t\t<div class=\"elementor-widget-container\">\n\t\t\t\t\t<h1 class=\"elementor-heading-title elementor-size-default\">Frequently asked questions<\/h1>\t\t\t\t<\/div>\n\t\t\t\t<\/div>\n\t\t\t\t\t<\/div>\n\t\t\t\t<\/div>\n\t\t\t\t\t<\/div>\n\t\t\t\t<\/div>\n\t\t<div data-particle_enable=\"false\" data-particle-mobile-disabled=\"false\" class=\"elementor-element elementor-element-76e370f e-flex e-con-boxed e-con e-parent\" data-id=\"76e370f\" data-element_type=\"container\">\n\t\t\t\t\t<div class=\"e-con-inner\">\n\t\t\t\t<div class=\"elementor-element elementor-element-3a744a7 elementor-widget elementor-widget-accordion\" data-id=\"3a744a7\" data-element_type=\"widget\" id=\"accords\" data-widget_type=\"accordion.default\">\n\t\t\t\t<div class=\"elementor-widget-container\">\n\t\t\t\t\t\t\t<div class=\"elementor-accordion\">\n\t\t\t\t\t\t\t<div class=\"elementor-accordion-item\">\n\t\t\t\t\t<div id=\"elementor-tab-title-6121\" class=\"elementor-tab-title\" data-tab=\"1\" role=\"button\" aria-controls=\"elementor-tab-content-6121\" aria-expanded=\"false\">\n\t\t\t\t\t\t\t\t\t\t\t\t\t<span class=\"elementor-accordion-icon elementor-accordion-icon-right\" aria-hidden=\"true\">\n\t\t\t\t\t\t\t\t\t\t\t\t\t\t\t<span class=\"elementor-accordion-icon-closed\"><svg xmlns=\"http:\/\/www.w3.org\/2000\/svg\" xmlns:xlink=\"http:\/\/www.w3.org\/1999\/xlink\" width=\"512\" height=\"512\" x=\"0\" y=\"0\" viewbox=\"0 0 24 24\" style=\"enable-background:new 0 0 512 512\" xml:space=\"preserve\" class=\"\"><g><path d=\"M12 0a12 12 0 1 0 12 12A12.013 12.013 0 0 0 12 0zm0 22a10 10 0 1 1 10-10 10.011 10.011 0 0 1-10 10zm5-10a1 1 0 0 1-1 1h-3v3a1 1 0 0 1-2 0v-3H8a1 1 0 0 1 0-2h3V8a1 1 0 0 1 2 0v3h3a1 1 0 0 1 1 1z\" fill=\"#26495b\" opacity=\"1\" data-original=\"#000000\"><\/path><\/g><\/svg><\/span>\n\t\t\t\t\t\t\t\t<span class=\"elementor-accordion-icon-opened\"><svg xmlns=\"http:\/\/www.w3.org\/2000\/svg\" xmlns:xlink=\"http:\/\/www.w3.org\/1999\/xlink\" width=\"512\" height=\"512\" x=\"0\" y=\"0\" viewbox=\"0 0 24 24\" style=\"enable-background:new 0 0 512 512\" xml:space=\"preserve\" class=\"\"><g><path d=\"M12 0C5.383 0 0 5.383 0 12s5.383 12 12 12 12-5.383 12-12S18.617 0 12 0Zm0 22C6.486 22 2 17.514 2 12S6.486 2 12 2s10 4.486 10 10-4.486 10-10 10Zm5-10a1 1 0 0 1-1 1H8a1 1 0 0 1 0-2h8a1 1 0 0 1 1 1Z\" fill=\"#26495b\" opacity=\"1\" data-original=\"#000000\"><\/path><\/g><\/svg><\/span>\n\t\t\t\t\t\t\t\t\t\t\t\t\t\t<\/span>\n\t\t\t\t\t\t\t\t\t\t\t\t<a class=\"elementor-accordion-title\" tabindex=\"0\">Is it more likely that bilingual children have difficulties, delays or language disorders?<\/a>\n\t\t\t\t\t<\/div>\n\t\t\t\t\t<div id=\"elementor-tab-content-6121\" class=\"elementor-tab-content elementor-clearfix\" data-tab=\"1\" role=\"region\" aria-labelledby=\"elementor-tab-title-6121\"><p>Bilingual children are definitely not more likely to have difficulties with the language than monolingual children. It would be unusual experience delays in the learning or be diagnosed with a language disorder. Children nacenen ready to learn the language or languages of their environment without confusion or delay. If crecieras in Switzerland as a child, there is a good chance that you would speak to three or even four languages.<\/p><\/div>\n\t\t\t\t<\/div>\n\t\t\t\t\t\t\t<div class=\"elementor-accordion-item\">\n\t\t\t\t\t<div id=\"elementor-tab-title-6122\" class=\"elementor-tab-title\" data-tab=\"2\" role=\"button\" aria-controls=\"elementor-tab-content-6122\" aria-expanded=\"false\">\n\t\t\t\t\t\t\t\t\t\t\t\t\t<span class=\"elementor-accordion-icon elementor-accordion-icon-right\" aria-hidden=\"true\">\n\t\t\t\t\t\t\t\t\t\t\t\t\t\t\t<span class=\"elementor-accordion-icon-closed\"><svg xmlns=\"http:\/\/www.w3.org\/2000\/svg\" xmlns:xlink=\"http:\/\/www.w3.org\/1999\/xlink\" width=\"512\" height=\"512\" x=\"0\" y=\"0\" viewbox=\"0 0 24 24\" style=\"enable-background:new 0 0 512 512\" xml:space=\"preserve\" class=\"\"><g><path d=\"M12 0a12 12 0 1 0 12 12A12.013 12.013 0 0 0 12 0zm0 22a10 10 0 1 1 10-10 10.011 10.011 0 0 1-10 10zm5-10a1 1 0 0 1-1 1h-3v3a1 1 0 0 1-2 0v-3H8a1 1 0 0 1 0-2h3V8a1 1 0 0 1 2 0v3h3a1 1 0 0 1 1 1z\" fill=\"#26495b\" opacity=\"1\" data-original=\"#000000\"><\/path><\/g><\/svg><\/span>\n\t\t\t\t\t\t\t\t<span class=\"elementor-accordion-icon-opened\"><svg xmlns=\"http:\/\/www.w3.org\/2000\/svg\" xmlns:xlink=\"http:\/\/www.w3.org\/1999\/xlink\" width=\"512\" height=\"512\" x=\"0\" y=\"0\" viewbox=\"0 0 24 24\" style=\"enable-background:new 0 0 512 512\" xml:space=\"preserve\" class=\"\"><g><path d=\"M12 0C5.383 0 0 5.383 0 12s5.383 12 12 12 12-5.383 12-12S18.617 0 12 0Zm0 22C6.486 22 2 17.514 2 12S6.486 2 12 2s10 4.486 10 10-4.486 10-10 10Zm5-10a1 1 0 0 1-1 1H8a1 1 0 0 1 0-2h8a1 1 0 0 1 1 1Z\" fill=\"#26495b\" opacity=\"1\" data-original=\"#000000\"><\/path><\/g><\/svg><\/span>\n\t\t\t\t\t\t\t\t\t\t\t\t\t\t<\/span>\n\t\t\t\t\t\t\t\t\t\t\t\t<a class=\"elementor-accordion-title\" tabindex=\"0\">Can my son make the transition before starting the nursery?<\/a>\n\t\t\t\t\t<\/div>\n\t\t\t\t\t<div id=\"elementor-tab-content-6122\" class=\"elementor-tab-content elementor-clearfix\" data-tab=\"2\" role=\"region\" aria-labelledby=\"elementor-tab-title-6122\">Yes. We offer a transition plan, for both part-time and full-time students, before the official start date.<\/div>\n\t\t\t\t<\/div>\n\t\t\t\t\t\t\t<div class=\"elementor-accordion-item\">\n\t\t\t\t\t<div id=\"elementor-tab-title-6123\" class=\"elementor-tab-title\" data-tab=\"3\" role=\"button\" aria-controls=\"elementor-tab-content-6123\" aria-expanded=\"false\">\n\t\t\t\t\t\t\t\t\t\t\t\t\t<span class=\"elementor-accordion-icon elementor-accordion-icon-right\" aria-hidden=\"true\">\n\t\t\t\t\t\t\t\t\t\t\t\t\t\t\t<span class=\"elementor-accordion-icon-closed\"><svg xmlns=\"http:\/\/www.w3.org\/2000\/svg\" xmlns:xlink=\"http:\/\/www.w3.org\/1999\/xlink\" width=\"512\" height=\"512\" x=\"0\" y=\"0\" viewbox=\"0 0 24 24\" style=\"enable-background:new 0 0 512 512\" xml:space=\"preserve\" class=\"\"><g><path d=\"M12 0a12 12 0 1 0 12 12A12.013 12.013 0 0 0 12 0zm0 22a10 10 0 1 1 10-10 10.011 10.011 0 0 1-10 10zm5-10a1 1 0 0 1-1 1h-3v3a1 1 0 0 1-2 0v-3H8a1 1 0 0 1 0-2h3V8a1 1 0 0 1 2 0v3h3a1 1 0 0 1 1 1z\" fill=\"#26495b\" opacity=\"1\" data-original=\"#000000\"><\/path><\/g><\/svg><\/span>\n\t\t\t\t\t\t\t\t<span class=\"elementor-accordion-icon-opened\"><svg xmlns=\"http:\/\/www.w3.org\/2000\/svg\" xmlns:xlink=\"http:\/\/www.w3.org\/1999\/xlink\" width=\"512\" height=\"512\" x=\"0\" y=\"0\" viewbox=\"0 0 24 24\" style=\"enable-background:new 0 0 512 512\" xml:space=\"preserve\" class=\"\"><g><path d=\"M12 0C5.383 0 0 5.383 0 12s5.383 12 12 12 12-5.383 12-12S18.617 0 12 0Zm0 22C6.486 22 2 17.514 2 12S6.486 2 12 2s10 4.486 10 10-4.486 10-10 10Zm5-10a1 1 0 0 1-1 1H8a1 1 0 0 1 0-2h8a1 1 0 0 1 1 1Z\" fill=\"#26495b\" opacity=\"1\" data-original=\"#000000\"><\/path><\/g><\/svg><\/span>\n\t\t\t\t\t\t\t\t\t\t\t\t\t\t<\/span>\n\t\t\t\t\t\t\t\t\t\t\t\t<a class=\"elementor-accordion-title\" tabindex=\"0\">Do you provide food?<\/a>\n\t\t\t\t\t<\/div>\n\t\t\t\t\t<div id=\"elementor-tab-content-6123\" class=\"elementor-tab-content elementor-clearfix\" data-tab=\"3\" role=\"region\" aria-labelledby=\"elementor-tab-title-6123\">Yes. Little Worlds Learning Center offers breakfast, two snacks and lunch daily, all based on the Food Guide in Canada.<\/div>\n\t\t\t\t<\/div>\n\t\t\t\t\t\t\t<div class=\"elementor-accordion-item\">\n\t\t\t\t\t<div id=\"elementor-tab-title-6124\" class=\"elementor-tab-title\" data-tab=\"4\" role=\"button\" aria-controls=\"elementor-tab-content-6124\" aria-expanded=\"false\">\n\t\t\t\t\t\t\t\t\t\t\t\t\t<span class=\"elementor-accordion-icon elementor-accordion-icon-right\" aria-hidden=\"true\">\n\t\t\t\t\t\t\t\t\t\t\t\t\t\t\t<span class=\"elementor-accordion-icon-closed\"><svg xmlns=\"http:\/\/www.w3.org\/2000\/svg\" xmlns:xlink=\"http:\/\/www.w3.org\/1999\/xlink\" width=\"512\" height=\"512\" x=\"0\" y=\"0\" viewbox=\"0 0 24 24\" style=\"enable-background:new 0 0 512 512\" xml:space=\"preserve\" class=\"\"><g><path d=\"M12 0a12 12 0 1 0 12 12A12.013 12.013 0 0 0 12 0zm0 22a10 10 0 1 1 10-10 10.011 10.011 0 0 1-10 10zm5-10a1 1 0 0 1-1 1h-3v3a1 1 0 0 1-2 0v-3H8a1 1 0 0 1 0-2h3V8a1 1 0 0 1 2 0v3h3a1 1 0 0 1 1 1z\" fill=\"#26495b\" opacity=\"1\" data-original=\"#000000\"><\/path><\/g><\/svg><\/span>\n\t\t\t\t\t\t\t\t<span class=\"elementor-accordion-icon-opened\"><svg xmlns=\"http:\/\/www.w3.org\/2000\/svg\" xmlns:xlink=\"http:\/\/www.w3.org\/1999\/xlink\" width=\"512\" height=\"512\" x=\"0\" y=\"0\" viewbox=\"0 0 24 24\" style=\"enable-background:new 0 0 512 512\" xml:space=\"preserve\" class=\"\"><g><path d=\"M12 0C5.383 0 0 5.383 0 12s5.383 12 12 12 12-5.383 12-12S18.617 0 12 0Zm0 22C6.486 22 2 17.514 2 12S6.486 2 12 2s10 4.486 10 10-4.486 10-10 10Zm5-10a1 1 0 0 1-1 1H8a1 1 0 0 1 0-2h8a1 1 0 0 1 1 1Z\" fill=\"#26495b\" opacity=\"1\" data-original=\"#000000\"><\/path><\/g><\/svg><\/span>\n\t\t\t\t\t\t\t\t\t\t\t\t\t\t<\/span>\n\t\t\t\t\t\t\t\t\t\t\t\t<a class=\"elementor-accordion-title\" tabindex=\"0\">How can I book a tour?<\/a>\n\t\t\t\t\t<\/div>\n\t\t\t\t\t<div id=\"elementor-tab-content-6124\" class=\"elementor-tab-content elementor-clearfix\" data-tab=\"4\" role=\"region\" aria-labelledby=\"elementor-tab-title-6124\">You can contact us by e-mail or call us by phone and we will work with you to book an appointment that is mutually convenient.<\/div>\n\t\t\t\t<\/div>\n\t\t\t\t\t\t\t<div class=\"elementor-accordion-item\">\n\t\t\t\t\t<div id=\"elementor-tab-title-6125\" class=\"elementor-tab-title\" data-tab=\"5\" role=\"button\" aria-controls=\"elementor-tab-content-6125\" aria-expanded=\"false\">\n\t\t\t\t\t\t\t\t\t\t\t\t\t<span class=\"elementor-accordion-icon elementor-accordion-icon-right\" aria-hidden=\"true\">\n\t\t\t\t\t\t\t\t\t\t\t\t\t\t\t<span class=\"elementor-accordion-icon-closed\"><svg xmlns=\"http:\/\/www.w3.org\/2000\/svg\" xmlns:xlink=\"http:\/\/www.w3.org\/1999\/xlink\" width=\"512\" height=\"512\" x=\"0\" y=\"0\" viewbox=\"0 0 24 24\" style=\"enable-background:new 0 0 512 512\" xml:space=\"preserve\" class=\"\"><g><path d=\"M12 0a12 12 0 1 0 12 12A12.013 12.013 0 0 0 12 0zm0 22a10 10 0 1 1 10-10 10.011 10.011 0 0 1-10 10zm5-10a1 1 0 0 1-1 1h-3v3a1 1 0 0 1-2 0v-3H8a1 1 0 0 1 0-2h3V8a1 1 0 0 1 2 0v3h3a1 1 0 0 1 1 1z\" fill=\"#26495b\" opacity=\"1\" data-original=\"#000000\"><\/path><\/g><\/svg><\/span>\n\t\t\t\t\t\t\t\t<span class=\"elementor-accordion-icon-opened\"><svg xmlns=\"http:\/\/www.w3.org\/2000\/svg\" xmlns:xlink=\"http:\/\/www.w3.org\/1999\/xlink\" width=\"512\" height=\"512\" x=\"0\" y=\"0\" viewbox=\"0 0 24 24\" style=\"enable-background:new 0 0 512 512\" xml:space=\"preserve\" class=\"\"><g><path d=\"M12 0C5.383 0 0 5.383 0 12s5.383 12 12 12 12-5.383 12-12S18.617 0 12 0Zm0 22C6.486 22 2 17.514 2 12S6.486 2 12 2s10 4.486 10 10-4.486 10-10 10Zm5-10a1 1 0 0 1-1 1H8a1 1 0 0 1 0-2h8a1 1 0 0 1 1 1Z\" fill=\"#26495b\" opacity=\"1\" data-original=\"#000000\"><\/path><\/g><\/svg><\/span>\n\t\t\t\t\t\t\t\t\t\t\t\t\t\t<\/span>\n\t\t\t\t\t\t\t\t\t\t\t\t<a class=\"elementor-accordion-title\" tabindex=\"0\">I can&#039;t afford to pay the full charges of child care. Does your center works and qualifies as a subsidized child care approved by the Government of Alberta?<\/a>\n\t\t\t\t\t<\/div>\n\t\t\t\t\t<div id=\"elementor-tab-content-6125\" class=\"elementor-tab-content elementor-clearfix\" data-tab=\"5\" role=\"region\" aria-labelledby=\"elementor-tab-title-6125\">Yes. Families needing subsidy should apply through the Alberta Government website at https:\/\/www.alberta.ca\/child-care-subsidy.aspx<\/div>\n\t\t\t\t<\/div>\n\t\t\t\t\t\t\t\t<\/div>\n\t\t\t\t\t\t<\/div>\n\t\t\t\t<\/div>\n\t\t\t\t\t<\/div>\n\t\t\t\t<\/div>\n\t\t<div data-particle_enable=\"false\" data-particle-mobile-disabled=\"false\" class=\"elementor-element elementor-element-4e237557 e-flex e-con-boxed e-con e-parent\" data-id=\"4e237557\" data-element_type=\"container\" data-settings=\"{&quot;background_background&quot;:&quot;classic&quot;}\">\n\t\t\t\t\t<div class=\"e-con-inner\">\n\t\t\t\t<div class=\"elementor-element elementor-element-7f0ef4db elementor-widget elementor-widget-heading\" data-id=\"7f0ef4db\" data-element_type=\"widget\" data-widget_type=\"heading.default\">\n\t\t\t\t<div class=\"elementor-widget-container\">\n\t\t\t\t\t<h2 class=\"elementor-heading-title elementor-size-default\">Testimonials<\/h2>\t\t\t\t<\/div>\n\t\t\t\t<\/div>\n\t\t\t\t<div class=\"elementor-element elementor-element-51d453f1 elementor-widget elementor-widget-text-editor\" data-id=\"51d453f1\" data-element_type=\"widget\" data-widget_type=\"text-editor.default\">\n\t\t\t\t<div class=\"elementor-widget-container\">\n\t\t\t\t\t\t\t\t\tThe opinion of those who believed in us\t\t\t\t\t\t\t\t<\/div>\n\t\t\t\t<\/div>\n\t\t\t\t<div class=\"elementor-element elementor-element-1308dda elementor-arrows-position-outside elementor-widget elementor-widget-loop-carousel\" data-id=\"1308dda\" data-element_type=\"widget\" data-settings=\"{&quot;template_id&quot;:&quot;1228&quot;,&quot;slides_to_show&quot;:&quot;1&quot;,&quot;_skin&quot;:&quot;post&quot;,&quot;slides_to_show_tablet&quot;:&quot;2&quot;,&quot;slides_to_show_mobile&quot;:&quot;1&quot;,&quot;slides_to_scroll&quot;:&quot;1&quot;,&quot;edit_handle_selector&quot;:&quot;.elementor-widget-container&quot;,&quot;autoplay&quot;:&quot;yes&quot;,&quot;autoplay_speed&quot;:5000,&quot;pause_on_hover&quot;:&quot;yes&quot;,&quot;pause_on_interaction&quot;:&quot;yes&quot;,&quot;infinite&quot;:&quot;yes&quot;,&quot;speed&quot;:500,&quot;offset_sides&quot;:&quot;none&quot;,&quot;arrows&quot;:&quot;yes&quot;,&quot;image_spacing_custom&quot;:{&quot;unit&quot;:&quot;px&quot;,&quot;size&quot;:10,&quot;sizes&quot;:[]},&quot;image_spacing_custom_tablet&quot;:{&quot;unit&quot;:&quot;px&quot;,&quot;size&quot;:&quot;&quot;,&quot;sizes&quot;:[]},&quot;image_spacing_custom_mobile&quot;:{&quot;unit&quot;:&quot;px&quot;,&quot;size&quot;:&quot;&quot;,&quot;sizes&quot;:[]}}\" data-widget_type=\"loop-carousel.post\">\n\t\t\t\t<div class=\"elementor-widget-container\">\n\t\t\t\t\t\t\t<div class=\"swiper elementor-loop-container elementor-grid\" dir=\"ltr\">\n\t\t\t\t<div class=\"swiper-wrapper\" aria-live=\"off\">\n\t\t<style id=\"loop-1228\">.elementor-1228 .elementor-element.elementor-element-3022980{--display:flex;--flex-direction:column;--container-widget-width:100%;--container-widget-height:initial;--container-widget-flex-grow:0;--container-widget-align-self:initial;--flex-wrap-mobile:wrap;}.elementor-1228 .elementor-element.elementor-element-74b0d8e .elementor-testimonial-wrapper{text-align:center;}.elementor-1228 .elementor-element.elementor-element-9d04471{text-align:center;}.elementor-1228 .elementor-element.elementor-element-9d04471 .elementor-heading-title{font-size:20px;font-weight:700;color:var( --e-global-color-5459c64 );}<\/style>\t\t<div data-elementor-type=\"loop-item\" data-elementor-id=\"1228\" class=\"elementor elementor-1228 swiper-slide e-loop-item e-loop-item-1238 post-1238 post type-post status-publish format-standard hentry category-testimonios\" data-elementor-post-type=\"elementor_library\" role=\"group\" aria-roledescription=\"slide\" data-custom-edit-handle=\"1\">\n\t\t\t<div data-particle_enable=\"false\" data-particle-mobile-disabled=\"false\" class=\"elementor-element elementor-element-3022980 e-flex e-con-boxed e-con e-parent\" data-id=\"3022980\" data-element_type=\"container\">\n\t\t\t\t\t<div class=\"e-con-inner\">\n\t\t\t\t<div class=\"elementor-element elementor-element-74b0d8e elementor-widget elementor-widget-testimonial\" data-id=\"74b0d8e\" data-element_type=\"widget\" data-widget_type=\"testimonial.default\">\n\t\t\t\t<div class=\"elementor-widget-container\">\n\t\t\t\t\t\t\t<div class=\"elementor-testimonial-wrapper\">\n\t\t\t\n\t\t\t\t\t\t<div class=\"elementor-testimonial-meta elementor-has-image elementor-testimonial-image-position-aside\">\n\t\t\t\t<div class=\"elementor-testimonial-meta-inner\">\n\t\t\t\t\t\t\t\t\t\t\t<div class=\"elementor-testimonial-image\">\n\t\t\t\t\t\t\t<img decoding=\"async\" src=\"https:\/\/littleworldslearningcenter.ca\/wp-content\/plugins\/elementor\/assets\/images\/placeholder.png\" title=\"\" alt=\"\" loading=\"lazy\" \/>\t\t\t\t\t\t<\/div>\n\t\t\t\t\t\n\t\t\t\t\t\t\t\t\t<\/div>\n\t\t\t<\/div>\n\t\t\t\t\t<\/div>\n\t\t\t\t\t\t<\/div>\n\t\t\t\t<\/div>\n\t\t\t\t\t<\/div>\n\t\t\t\t<\/div>\n\t\t\t\t<\/div>\n\t\t\t\t<\/div>\n\t\t<\/div>\n\t\t\t\t\t<div class=\"elementor-swiper-button elementor-swiper-button-prev\" role=\"button\" tabindex=\"0\">\n\t\t\t\t<svg aria-hidden=\"true\" class=\"e-font-icon-svg e-eicon-chevron-left\" viewbox=\"0 0 1000 1000\" xmlns=\"http:\/\/www.w3.org\/2000\/svg\"><path d=\"M646 125C629 125 613 133 604 142L308 442C296 454 292 471 292 487 292 504 296 521 308 533L604 854C617 867 629 875 646 875 663 875 679 871 692 858 704 846 713 829 713 812 713 796 708 779 692 767L438 487 692 225C700 217 708 204 708 187 708 171 704 154 692 142 675 129 663 125 646 125Z\"><\/path><\/svg>\t\t\t<\/div>\n\t\t\t<div class=\"elementor-swiper-button elementor-swiper-button-next\" role=\"button\" tabindex=\"0\">\n\t\t\t\t<svg aria-hidden=\"true\" class=\"e-font-icon-svg e-eicon-chevron-right\" viewbox=\"0 0 1000 1000\" xmlns=\"http:\/\/www.w3.org\/2000\/svg\"><path d=\"M696 533C708 521 713 504 713 487 713 471 708 454 696 446L400 146C388 133 375 125 354 125 338 125 325 129 313 142 300 154 292 171 292 187 292 204 296 221 308 233L563 492 304 771C292 783 288 800 288 817 288 833 296 850 308 863 321 871 338 875 354 875 371 875 388 867 400 854L696 533Z\"><\/path><\/svg>\t\t\t<\/div>\n\t\t\t\t\t\t<\/div>\n\t\t\t\t<\/div>\n\t\t\t\t<div class=\"elementor-element elementor-element-3a384c52 elementor-widget elementor-widget-image\" data-id=\"3a384c52\" data-element_type=\"widget\" data-widget_type=\"image.default\">\n\t\t\t\t<div class=\"elementor-widget-container\">\n\t\t\t\t\t\t\t\t\t\t\t\t\t\t\t<img fetchpriority=\"high\" decoding=\"async\" width=\"2880\" height=\"628\" src=\"https:\/\/littleworldslearningcenter.ca\/wp-content\/uploads\/2023\/12\/Imagen-17@2x.png\" class=\"attachment-full size-full wp-image-102\" alt=\"\" srcset=\"https:\/\/littleworldslearningcenter.ca\/wp-content\/uploads\/2023\/12\/Imagen-17@2x.png 2880w, https:\/\/littleworldslearningcenter.ca\/wp-content\/uploads\/2023\/12\/Imagen-17@2x-300x65.png 300w, https:\/\/littleworldslearningcenter.ca\/wp-content\/uploads\/2023\/12\/Imagen-17@2x-1024x223.png 1024w, https:\/\/littleworldslearningcenter.ca\/wp-content\/uploads\/2023\/12\/Imagen-17@2x-768x167.png 768w, https:\/\/littleworldslearningcenter.ca\/wp-content\/uploads\/2023\/12\/Imagen-17@2x-1536x335.png 1536w, https:\/\/littleworldslearningcenter.ca\/wp-content\/uploads\/2023\/12\/Imagen-17@2x-2048x447.png 2048w\" sizes=\"(max-width: 2880px) 100vw, 2880px\" \/>\t\t\t\t\t\t\t\t\t\t\t\t\t\t\t<\/div>\n\t\t\t\t<\/div>\n\t\t\t\t\t<\/div>\n\t\t\t\t<\/div>\n\t\t\t\t<\/div>","protected":false},"excerpt":{"rendered":"<p>Preguntas frecuentes \u00bfEs m\u00e1s probable que los ni\u00f1os biling\u00fces tengan dificultades, retrasos o trastornos del lenguaje? Los ni\u00f1os biling\u00fces definitivamente no son m\u00e1s propensos a tener dificultades con el lenguaje que los ni\u00f1os monoling\u00fces. Ser\u00eda inusual experimentar retrasos en el aprendizaje o ser diagnosticado con un trastorno del lenguaje. Los ni\u00f1os nacenen listos para aprender [&hellip;]<\/p>","protected":false},"author":1,"featured_media":0,"parent":0,"menu_order":0,"comment_status":"closed","ping_status":"closed","template":"elementor_theme","meta":{"nf_dc_page":"","footnotes":""},"class_list":["post-598","page","type-page","status-publish","hentry"],"_links":{"self":[{"href":"https:\/\/littleworldslearningcenter.ca\/en\/wp-json\/wp\/v2\/pages\/598","targetHints":{"allow":["GET"]}}],"collection":[{"href":"https:\/\/littleworldslearningcenter.ca\/en\/wp-json\/wp\/v2\/pages"}],"about":[{"href":"https:\/\/littleworldslearningcenter.ca\/en\/wp-json\/wp\/v2\/types\/page"}],"author":[{"embeddable":true,"href":"https:\/\/littleworldslearningcenter.ca\/en\/wp-json\/wp\/v2\/users\/1"}],"replies":[{"embeddable":true,"href":"https:\/\/littleworldslearningcenter.ca\/en\/wp-json\/wp\/v2\/comments?post=598"}],"version-history":[{"count":5,"href":"https:\/\/littleworldslearningcenter.ca\/en\/wp-json\/wp\/v2\/pages\/598\/revisions"}],"predecessor-version":[{"id":1268,"href":"https:\/\/littleworldslearningcenter.ca\/en\/wp-json\/wp\/v2\/pages\/598\/revisions\/1268"}],"wp:attachment":[{"href":"https:\/\/littleworldslearningcenter.ca\/en\/wp-json\/wp\/v2\/media?parent=598"}],"curies":[{"name":"wp","href":"https:\/\/api.w.org\/{rel}","templated":true}]}}