{"id":861,"date":"2023-12-31T08:48:38","date_gmt":"2023-12-31T07:48:38","guid":{"rendered":"https:\/\/littleworldslearningcenter.ca\/?page_id=861"},"modified":"2024-11-13T22:41:09","modified_gmt":"2024-11-14T03:41:09","slug":"formulario-de-inscripcion","status":"publish","type":"page","link":"https:\/\/littleworldslearningcenter.ca\/en\/formulario-de-inscripcion\/","title":{"rendered":"Formulario de inscripci\u00f3n"},"content":{"rendered":"<div data-elementor-type=\"wp-page\" data-elementor-id=\"861\" class=\"elementor elementor-861\" data-elementor-post-type=\"page\">\n\t\t\t\t<div data-particle_enable=\"false\" data-particle-mobile-disabled=\"false\" class=\"elementor-element elementor-element-4d2ddcb e-flex e-con-boxed e-con e-parent\" data-id=\"4d2ddcb\" data-element_type=\"container\" data-settings=\"{&quot;background_background&quot;:&quot;classic&quot;}\">\n\t\t\t\t\t<div class=\"e-con-inner\">\n\t\t\t\t<div class=\"elementor-element elementor-element-adcc59b elementor-widget elementor-widget-eael-protected-content\" data-id=\"adcc59b\" data-element_type=\"widget\" data-widget_type=\"eael-protected-content.default\">\n\t\t\t\t<div class=\"elementor-widget-container\">\n\t\t\t\t\t\t\t\t        <div class=\"eael-protected-content-message\">\n\t\t\t<style>.elementor-1074 .elementor-element.elementor-element-18f5d1c5{--display:flex;--flex-direction:row;--container-widget-width:initial;--container-widget-height:100%;--container-widget-flex-grow:1;--container-widget-align-self:stretch;--flex-wrap-mobile:wrap;--padding-top:0px;--padding-bottom:0px;--padding-left:0px;--padding-right:0px;}.elementor-1074 .elementor-element.elementor-element-66ad0775{--display:flex;--flex-direction:column;--container-widget-width:calc( ( 1 - var( --container-widget-flex-grow ) ) * 100% );--container-widget-height:initial;--container-widget-flex-grow:0;--container-widget-align-self:initial;--flex-wrap-mobile:wrap;--justify-content:center;--align-items:center;--gap:0px 0px;--row-gap:0px;--column-gap:0px;--padding-top:0px;--padding-bottom:0px;--padding-left:0px;--padding-right:0px;}.elementor-1074 .elementor-element.elementor-element-619eec90 .elementor-icon-wrapper{text-align:center;}.elementor-1074 .elementor-element.elementor-element-3642ec99{text-align:center;}.elementor-1074 .elementor-element.elementor-element-122c744 > .elementor-widget-container{margin:5px 0px 0px 0px;}.elementor-1074 .elementor-element.elementor-element-8272203 > .elementor-widget-container{margin:5px 0px 0px 0px;}.elementor-1074 .elementor-element.elementor-element-8272203{text-align:center;}:root{--page-title-display:none;}@media(max-width:767px){.elementor-1074 .elementor-element.elementor-element-18f5d1c5{--gap:0px 0px;--row-gap:0px;--column-gap:0px;--padding-top:35px;--padding-bottom:35px;--padding-left:35px;--padding-right:35px;}.elementor-1074 .elementor-element.elementor-element-3642ec99 > .elementor-widget-container{margin:7px 0px 0px 0px;}.elementor-1074 .elementor-element.elementor-element-122c744{text-align:center;font-size:17px;line-height:22px;}.elementor-1074 .elementor-element.elementor-element-8272203{text-align:center;font-size:17px;line-height:22px;}}<\/style>\t\t<div data-elementor-type=\"page\" data-elementor-id=\"1074\" class=\"elementor elementor-1074\" data-elementor-post-type=\"elementor_library\">\n\t\t\t\t<div data-particle_enable=\"false\" data-particle-mobile-disabled=\"false\" class=\"elementor-element elementor-element-18f5d1c5 e-flex e-con-boxed e-con e-parent\" data-id=\"18f5d1c5\" data-element_type=\"container\">\n\t\t\t\t\t<div class=\"e-con-inner\">\n\t\t<div data-particle_enable=\"false\" data-particle-mobile-disabled=\"false\" class=\"elementor-element elementor-element-66ad0775 e-flex e-con-boxed e-con e-child\" data-id=\"66ad0775\" data-element_type=\"container\">\n\t\t\t\t\t<div class=\"e-con-inner\">\n\t\t\t\t<div class=\"elementor-element elementor-element-619eec90 elementor-view-default elementor-widget elementor-widget-icon\" data-id=\"619eec90\" data-element_type=\"widget\" data-widget_type=\"icon.default\">\n\t\t\t\t<div class=\"elementor-widget-container\">\n\t\t\t\t\t\t\t<div class=\"elementor-icon-wrapper\">\n\t\t\t<div class=\"elementor-icon\">\n\t\t\t<svg xmlns=\"http:\/\/www.w3.org\/2000\/svg\" xmlns:xlink=\"http:\/\/www.w3.org\/1999\/xlink\" width=\"512\" height=\"512\" x=\"0\" y=\"0\" viewbox=\"0 0 512 512\" style=\"enable-background:new 0 0 512 512\" xml:space=\"preserve\" class=\"\"><g><path d=\"M405.333 179.712v-30.379C405.333 66.859 338.475 0 256 0S106.667 66.859 106.667 149.333v30.379c-38.826 16.945-63.944 55.259-64 97.621v128C42.737 464.214 90.452 511.93 149.333 512h213.333c58.881-.07 106.596-47.786 106.667-106.667v-128c-.055-42.362-25.174-80.676-64-97.621zm-128 182.955c0 11.782-9.551 21.333-21.333 21.333-11.782 0-21.333-9.551-21.333-21.333V320c0-11.782 9.551-21.333 21.333-21.333 11.782 0 21.333 9.551 21.333 21.333v42.667zm85.334-192H149.333v-21.333c0-58.91 47.756-106.667 106.667-106.667s106.667 47.756 106.667 106.667v21.333z\" fill=\"#26495b\" opacity=\"1\" data-original=\"#000000\" class=\"\"><\/path><\/g><\/svg>\t\t\t<\/div>\n\t\t<\/div>\n\t\t\t\t\t\t<\/div>\n\t\t\t\t<\/div>\n\t\t\t\t<div class=\"elementor-element elementor-element-3642ec99 elementor-widget elementor-widget-heading\" data-id=\"3642ec99\" data-element_type=\"widget\" data-widget_type=\"heading.default\">\n\t\t\t\t<div class=\"elementor-widget-container\">\n\t\t\t\t\t<h2 class=\"elementor-heading-title elementor-size-default\">Please enter the password<\/h2>\t\t\t\t<\/div>\n\t\t\t\t<\/div>\n\t\t\t\t<div class=\"elementor-element elementor-element-122c744 elementor-hidden-desktop elementor-widget elementor-widget-text-editor\" data-id=\"122c744\" data-element_type=\"widget\" data-widget_type=\"text-editor.default\">\n\t\t\t\t<div class=\"elementor-widget-container\">\n\t\t\t\t\t\t\t\t\tTo access the form you must enter the password sent to you by our team\t\t\t\t\t\t\t\t<\/div>\n\t\t\t\t<\/div>\n\t\t\t\t<div class=\"elementor-element elementor-element-8272203 elementor-hidden-tablet elementor-hidden-mobile elementor-widget elementor-widget-text-editor\" data-id=\"8272203\" data-element_type=\"widget\" data-widget_type=\"text-editor.default\">\n\t\t\t\t<div class=\"elementor-widget-container\">\n\t\t\t\t\t\t\t\t\tTo access the form please enter the password<br>emailed to you after your visit to our center.<\/br>\t\t\t\t\t\t\t\t<\/div>\n\t\t\t\t<\/div>\n\t\t\t\t\t<\/div>\n\t\t\t\t<\/div>\n\t\t\t\t\t<\/div>\n\t\t\t\t<\/div>\n\t\t\t\t<\/div>\n\t\t        <\/div>\n\t\t        <div class=\"eael-password-protected-content-fields\">\n            <form id =\"eael_protected_content_form_adcc59b\" name=\"eael_protected_content_form_adcc59b\" method=\"post\" action=\"\">\n                <input type=\"password\" name=\"protection_password_adcc59b\" class=\"eael-password\"\n                       placeholder=\"Please enter the password\">\n                <input type=\"hidden\" name=\"eael_protected_content_nonce_adcc59b\"\n                       value=\"32dbca90b9\">\n                <input type=\"submit\" value=\"Validate access\"\n                       class=\"eael-submit\">\n\t\t\t\t<input name=\"eael_protected_content_id\" value=\"adcc59b\" type=\"hidden\">            <input type=\"hidden\" name=\"trp-form-language\" value=\"en\"\/><\/form>\n\t                <\/div>\n\t\t\t\t\t\t\t\t\t\t<\/div>\n\t\t\t\t<\/div>\n\t\t\t\t\t<\/div>\n\t\t\t\t<\/div>\n\t\t\t\t<\/div>","protected":false},"excerpt":{"rendered":"<p>Ingresa la contrase\u00f1a Para ingresar al formulario debes ingresar la contrase\u00f1a enviada por nuestro equipo Para acceder al formulario, por favor ingresa la contrase\u00f1aque te fue enviada por correo electr\u00f3nico despu\u00e9s de tu visita a nuestro centro.<\/p>","protected":false},"author":1,"featured_media":0,"parent":0,"menu_order":0,"comment_status":"closed","ping_status":"closed","template":"elementor_theme","meta":{"nf_dc_page":"","footnotes":""},"class_list":["post-861","page","type-page","status-publish","hentry"],"_links":{"self":[{"href":"https:\/\/littleworldslearningcenter.ca\/en\/wp-json\/wp\/v2\/pages\/861","targetHints":{"allow":["GET"]}}],"collection":[{"href":"https:\/\/littleworldslearningcenter.ca\/en\/wp-json\/wp\/v2\/pages"}],"about":[{"href":"https:\/\/littleworldslearningcenter.ca\/en\/wp-json\/wp\/v2\/types\/page"}],"author":[{"embeddable":true,"href":"https:\/\/littleworldslearningcenter.ca\/en\/wp-json\/wp\/v2\/users\/1"}],"replies":[{"embeddable":true,"href":"https:\/\/littleworldslearningcenter.ca\/en\/wp-json\/wp\/v2\/comments?post=861"}],"version-history":[{"count":5,"href":"https:\/\/littleworldslearningcenter.ca\/en\/wp-json\/wp\/v2\/pages\/861\/revisions"}],"predecessor-version":[{"id":1375,"href":"https:\/\/littleworldslearningcenter.ca\/en\/wp-json\/wp\/v2\/pages\/861\/revisions\/1375"}],"wp:attachment":[{"href":"https:\/\/littleworldslearningcenter.ca\/en\/wp-json\/wp\/v2\/media?parent=861"}],"curies":[{"name":"wp","href":"https:\/\/api.w.org\/{rel}","templated":true}]}}